{"id":2260,"date":"2025-06-04T10:11:15","date_gmt":"2025-06-04T09:11:15","guid":{"rendered":"https:\/\/www.adrianacid.com\/inicio"},"modified":"2025-08-25T13:56:13","modified_gmt":"2025-08-25T12:56:13","slug":"inicio","status":"publish","type":"page","link":"https:\/\/www.adrianacid.com\/es","title":{"rendered":"Inicio"},"content":{"rendered":"<p>[et_pb_section fb_built=\u00bb1&#8243; _builder_version=\u00bb4.27.4&#8243; _module_preset=\u00bbdefault\u00bb background_color=\u00bb#cb7189&#8243; use_background_color_gradient=\u00bbon\u00bb background_color_gradient_direction=\u00bb111deg\u00bb background_color_gradient_stops=\u00bb#ffffff 0%|rgba(41,196,169,0) 73%\u00bb background_color_gradient_overlays_image=\u00bbon\u00bb background_image=\u00bbhttps:\/\/www.adrianacid.com\/wp-content\/uploads\/2025\/06\/adriana-cid-psicologa-sexologa.jpg\u00bb background_position=\u00bbbottom_right\u00bb min_height=\u00bb70vh\u00bb custom_padding=\u00bb||||false|false\u00bb global_colors_info=\u00bb{}\u00bb][et_pb_row column_structure=\u00bb1_2,1_2&#8243; _builder_version=\u00bb4.27.4&#8243; _module_preset=\u00bbdefault\u00bb global_colors_info=\u00bb{}\u00bb][et_pb_column type=\u00bb1_2&#8243; _builder_version=\u00bb4.27.4&#8243; _module_preset=\u00bbdefault\u00bb global_colors_info=\u00bb{}\u00bb][et_pb_cta title=\u00bbADRIANA CID\u00bb button_url=\u00bb#serveis\u00bb button_text=\u00bb\u00bfC\u00f3mo puedo ayudarte?\u00bb _builder_version=\u00bb4.27.4&#8243; _module_preset=\u00bb_initial\u00bb header_level=\u00bbh1&#8243; body_font_size=\u00bb18px\u00bb body_line_height=\u00bb1.3em\u00bb global_colors_info=\u00bb{}\u00bb]<\/p>\n<h2>Psic\u00f3loga y Sex\u00f3loga<\/h2>\n<p>Te invito a un espacio de reflexi\u00f3n y autocuidado.<\/p>\n<p>Iniciar un proceso de psicoterapia es regalarte un tiempo para ti, para reencontrarte, descubrir que deseas y necesitas y aprender a quererte sanamente. En compa\u00f1\u00eda de una profesional que te dar\u00e1 las herramientas y recursos para afrontar los retos de la vida.<\/p>\n<p>[\/et_pb_cta][\/et_pb_column][et_pb_column type=\u00bb1_2&#8243; _builder_version=\u00bb4.27.4&#8243; _module_preset=\u00bbdefault\u00bb global_colors_info=\u00bb{}\u00bb][\/et_pb_column][\/et_pb_row][\/et_pb_section][et_pb_section fb_built=\u00bb1&#8243; fullwidth=\u00bbon\u00bb _builder_version=\u00bb4.27.4&#8243; _module_preset=\u00bbdefault\u00bb custom_padding=\u00bb0px||||false|false\u00bb global_module=\u00bb414&#8243; saved_tabs=\u00bball\u00bb global_colors_info=\u00bb{}\u00bb][et_pb_fullwidth_code _builder_version=\u00bb4.27.4&#8243; _module_preset=\u00bbdefault\u00bb custom_padding=\u00bb||0px||false|false\u00bb global_colors_info=\u00bb{}\u00bb]<\/p>\n<style><!-- [et_pb_line_break_holder] -->  .lgtb div {<!-- [et_pb_line_break_holder] -->    border-width:2px!important;<!-- [et_pb_line_break_holder] -->    border-style:solid;<!-- [et_pb_line_break_holder] -->    opacity:0.7<!-- [et_pb_line_break_holder] -->  }<!-- [et_pb_line_break_holder] --><\/style>\n<p><!-- [et_pb_line_break_holder] --><\/p>\n<div class=\"lgtb\"><!-- [et_pb_line_break_holder] -->  <\/p>\n<div style=\"border-color:#F23C4F\"><\/div>\n<p><!-- [et_pb_line_break_holder] -->  <\/p>\n<div style=\"border-color:#FA8057;\"><\/div>\n<p><!-- [et_pb_line_break_holder] -->  <\/p>\n<div style=\"border-color:#FFC92F;\"><\/div>\n<p><!-- [et_pb_line_break_holder] -->  <\/p>\n<div style=\"border-color:#7AC943;\"><\/div>\n<p><!-- [et_pb_line_break_holder] -->  <\/p>\n<div style=\"border-color:#5457F3;\"><\/div>\n<p><!-- [et_pb_line_break_holder] -->  <\/p>\n<div style=\"border-color:#8B53EC;\"><\/div>\n<p><!-- [et_pb_line_break_holder] -->  <\/p>\n<div style=\"border-color:#FFFFFF;\"><\/div>\n<p><!-- [et_pb_line_break_holder] -->  <\/p>\n<div style=\"border-color:#FAB4D3;\"><\/div>\n<p><!-- [et_pb_line_break_holder] -->  <\/p>\n<div style=\"border-color:#8ED5E3;\"><\/div>\n<p><!-- [et_pb_line_break_holder] -->  <\/p>\n<div style=\"border-color:#7D543F;\"><\/div>\n<p><!-- [et_pb_line_break_holder] -->  <\/p>\n<div style=\"border-color:#423F3F; opacity:1;\"><\/div>\n<p><!-- [et_pb_line_break_holder] --><\/div>\n<p><!-- [et_pb_line_break_holder] -->[\/et_pb_fullwidth_code][\/et_pb_section][et_pb_section fb_built=\u00bb1&#8243; _builder_version=\u00bb4.27.4&#8243; _module_preset=\u00bbdefault\u00bb global_colors_info=\u00bb{}\u00bb][et_pb_row column_structure=\u00bb1_3,2_3&#8243; _builder_version=\u00bb4.27.4&#8243; _module_preset=\u00bbdefault\u00bb global_colors_info=\u00bb{}\u00bb][et_pb_column type=\u00bb1_3&#8243; _builder_version=\u00bb4.27.4&#8243; _module_preset=\u00bbdefault\u00bb global_colors_info=\u00bb{}\u00bb][et_pb_image src=\u00bbhttps:\/\/www.adrianacid.com\/wp-content\/uploads\/2025\/06\/adriana-cid-psicologa-sexologa.avif\u00bb alt=\u00bbAdriana Cid, psic\u00f3loga y sex\u00f3loga\u00bb title_text=\u00bbAdriana Cid, psic\u00f3loga y sex\u00f3loga\u00bb _builder_version=\u00bb4.27.4&#8243; _module_preset=\u00bbdefault\u00bb global_colors_info=\u00bb{}\u00bb][\/et_pb_image][\/et_pb_column][et_pb_column type=\u00bb2_3&#8243; _builder_version=\u00bb4.27.4&#8243; _module_preset=\u00bbdefault\u00bb global_colors_info=\u00bb{}\u00bb][et_pb_cta button_url=\u00bbhttps:\/\/www.adrianacid.com\/es\/sobre-mi\u00bb button_text=\u00bbSobre la terapeuta\u00bb _builder_version=\u00bb4.27.4&#8243; _module_preset=\u00bbdefault\u00bb global_colors_info=\u00bb{}\u00bb]<\/p>\n<h2>Mi <strong><span class=\"text-subratllat\">visi\u00f3n<\/span><\/strong><\/h2>\n<p>Psicoterapeuta humanista y sex\u00f3loga especializada en sexualidad positiva y no monogamias. Perspectiva feminista y queer.<\/p>\n<p>Creo firmemente en la visi\u00f3n de la persona de forma hol\u00edstica: no es posible entender la cabeza, el coraz\u00f3n y el cuerpo de forma separada, sino que cada persona es un todo que debe entenderse en su conjunto y en relaci\u00f3n con su entorno y circunstancias.<br \/>\u200b<br \/>Creo tambi\u00e9n que la empat\u00eda, la escucha activa y la humildad son elementos tan importantes para una terapeuta como el rigor cient\u00edfico y la formaci\u00f3n adecuada.<br \/>\u200b<br \/>Si sientes que es tu momento para trabajar en tu crecimiento como persona y tu bienestar, estar\u00e9 encantada de poder acompa\u00f1arte en este viaje. \u200b<\/p>\n<p>[\/et_pb_cta][\/et_pb_column][\/et_pb_row][\/et_pb_section][et_pb_section fb_built=\u00bb1&#8243; module_id=\u00bbserveis\u00bb _builder_version=\u00bb4.27.4&#8243; _module_preset=\u00bbdefault\u00bb global_colors_info=\u00bb{}\u00bb][et_pb_row _builder_version=\u00bb4.27.4&#8243; _module_preset=\u00bbdefault\u00bb custom_padding=\u00bb||0px||false|false\u00bb global_colors_info=\u00bb{}\u00bb][et_pb_column type=\u00bb4_4&#8243; _builder_version=\u00bb4.27.4&#8243; _module_preset=\u00bbdefault\u00bb global_colors_info=\u00bb{}\u00bb][et_pb_text _builder_version=\u00bb4.27.4&#8243; _module_preset=\u00bbdefault\u00bb global_colors_info=\u00bb{}\u00bb]<\/p>\n<h2>Oferta de servicios: <strong class=\"text-subratllat\">\u00bfc\u00f3mo puedo ayudarte?<\/strong><\/h2>\n<p>[\/et_pb_text][\/et_pb_column][\/et_pb_row][et_pb_row column_structure=\u00bb1_3,1_3,1_3&#8243; use_custom_gutter=\u00bbon\u00bb gutter_width=\u00bb2&#8243; module_class=\u00bbcolumna-serveis\u00bb _builder_version=\u00bb4.27.4&#8243; _module_preset=\u00bbdefault\u00bb custom_padding=\u00bb||0px|||\u00bb global_colors_info=\u00bb{}\u00bb][et_pb_column type=\u00bb1_3&#8243; _builder_version=\u00bb4.27.4&#8243; _module_preset=\u00bbdefault\u00bb global_colors_info=\u00bb{}\u00bb][et_pb_cta title=\u00bbPsicoterapia individual\u00bb button_url=\u00bbhttps:\/\/www.adrianacid.com\/es\/psicoterapia-individual\u00bb button_text=\u00bbM\u00e1s informaci\u00f3n\u00bb module_class=\u00bbblau\u00bb _builder_version=\u00bb4.27.4&#8243; _module_preset=\u00bba6e304ae-ab31-4af1-9c5e-fbab0e85d923&#8243; background_enable_color=\u00bboff\u00bb background_image=\u00bbhttps:\/\/www.adrianacid.com\/wp-content\/uploads\/2025\/06\/psicoterapia-individual-adriana-cid.png\u00bb background_size=\u00bbcustom\u00bb background_image_height=\u00bb200px\u00bb background_position=\u00bbbottom_left\u00bb custom_padding=\u00bb30px|30px|100px|30px|false|false\u00bb global_colors_info=\u00bb{}\u00bb]<\/p>\n<p>Tanto si est\u00e1s atravesando una \u00e9poca compleja y dif\u00edcil, o quieres trabajar en conocerte y vivir m\u00e1s acorde con tus valores y necesidades, un espacio individual de terapia puede ayudarte a poner nombres a malestares, desarrollar herramientas de afrontamiento y deshacerte de \u201cdeber\u00eda\u201d o \u201cno puedo\u201d impuestos.<\/p>\n<p>[\/et_pb_cta][\/et_pb_column][et_pb_column type=\u00bb1_3&#8243; _builder_version=\u00bb4.27.4&#8243; _module_preset=\u00bbdefault\u00bb global_colors_info=\u00bb{}\u00bb][et_pb_cta title=\u00bbTerapia pareja y pol\u00edculos\u00bb button_url=\u00bbhttps:\/\/www.adrianacid.com\/es\/terapia-de-parejas-y-policulas\u00bb button_text=\u00bbM\u00e1s informaci\u00f3n\u00bb module_class=\u00bbgroc\u00bb _builder_version=\u00bb4.27.4&#8243; _module_preset=\u00bba6e304ae-ab31-4af1-9c5e-fbab0e85d923&#8243; body_quote_border_weight=\u00bb0px\u00bb body_quote_text_align=\u00bbright\u00bb body_quote_font_size=\u00bb12px\u00bb body_quote_line_height=\u00bb1.3em\u00bb background_color=\u00bb#FFF8B1&#8243; use_background_color_gradient=\u00bbon\u00bb background_color_gradient_stops=\u00bbrgba(255,248,177,0.82) 0%|rgba(255,248,177,0.1) 100%\u00bb background_color_gradient_overlays_image=\u00bbon\u00bb background_image=\u00bbhttps:\/\/www.adrianacid.com\/wp-content\/uploads\/2025\/06\/cireres-terapia-parelles-policules-adriana-cid.png\u00bb background_size=\u00bbcustom\u00bb background_image_height=\u00bb200px\u00bb background_position=\u00bbbottom_left\u00bb global_colors_info=\u00bb{}\u00bb]<\/p>\n<p>Dicen que en una pareja o v\u00ednculo se crea un lenguaje propio e \u00edntimo\u2026 pero no siempre es f\u00e1cil traducir de lo propio a lo com\u00fan, y de lo com\u00fan a lo propio de la otra persona. Si se encuentra perdido en traducciones y malentendidos, puede ser el momento de sentarse a terapia y hablar las cosas en un entorno neutro que le recuerde la sensaci\u00f3n de hacer equipo.<\/p>\n<blockquote>\n<p><strong>* Pol\u00edculos:<\/strong> T\u00e9rmino que hace referencia a un grupo de tres o m\u00e1s personas en una relaci\u00f3n sentimental o que tienen un v\u00ednculo sexo-afectivo entre ellas<\/p>\n<\/blockquote>\n<p>[\/et_pb_cta][\/et_pb_column][et_pb_column type=\u00bb1_3&#8243; _builder_version=\u00bb4.27.4&#8243; _module_preset=\u00bbdefault\u00bb global_colors_info=\u00bb{}\u00bb][et_pb_cta title=\u00bbTerapia sexual\u00bb button_url=\u00bbhttps:\/\/www.adrianacid.com\/es\/terapia-sexologia\u00bb button_text=\u00bbM\u00e1s informaci\u00f3n\u00bb _builder_version=\u00bb4.27.4&#8243; _module_preset=\u00bba6e304ae-ab31-4af1-9c5e-fbab0e85d923&#8243; background_image=\u00bbhttps:\/\/www.adrianacid.com\/wp-content\/uploads\/2025\/06\/suculenta-psicologia-sexual-adriana-cid.png\u00bb background_size=\u00bbcustom\u00bb background_image_height=\u00bb50%\u00bb background_position=\u00bbbottom_right\u00bb global_colors_info=\u00bb{}\u00bb]<\/p>\n<p>La sexualidad es una esfera muy importante del ser humano que nos lleva al disfrute, conexi\u00f3n y amor propio. Nuestro pasado, nuestra educaci\u00f3n, los estereotipos de g\u00e9nero, la presi\u00f3n social&#8230; pueden hacernos vivir con angustia y malestar. \u00bfQuieres reconectar contigo misma?<\/p>\n<p>[\/et_pb_cta][\/et_pb_column][\/et_pb_row][et_pb_row custom_padding_last_edited=\u00bbon|tablet\u00bb _builder_version=\u00bb4.27.4&#8243; _module_preset=\u00bbdefault\u00bb custom_padding=\u00bb30px||||false|false\u00bb custom_padding_tablet=\u00bb30px||||false|false\u00bb custom_padding_phone=\u00bb30px||||false|false\u00bb global_colors_info=\u00bb{}\u00bb][et_pb_column type=\u00bb4_4&#8243; _builder_version=\u00bb4.27.4&#8243; _module_preset=\u00bbdefault\u00bb global_colors_info=\u00bb{}\u00bb][et_pb_cta title=\u00bbTalleres\u00bb button_url=\u00bbhttps:\/\/www.adrianacid.com\/es\/talleres-y-cursos\u00bb button_text=\u00bbM\u00e1s informaci\u00f3n\u00bb module_class=\u00bbverd\u00bb _builder_version=\u00bb4.27.4&#8243; _module_preset=\u00bbd22683de-aa7f-4e2f-a42c-def2bae01873&#8243; background_color=\u00bb#ceecdc\u00bb background_image=\u00bbhttps:\/\/www.adrianacid.com\/wp-content\/uploads\/2025\/06\/puzzle-grafisme-fons-adriana-cid.png\u00bb background_image_height=\u00bb95%\u00bb background_horizontal_offset=\u00bb-3%\u00bb background_vertical_offset=\u00bb-100%\u00bb text_orientation=\u00bbleft\u00bb custom_padding=\u00bb30px|10px|30px|30px|false|false\u00bb background_last_edited=\u00bboff|desktop\u00bb use_background_color_gradient_phone=\u00bbon\u00bb background_color_gradient_stops_phone=\u00bbrgba(15,144,75,0) 0%|rgba(206,236,220,0.68) 46%|#ceecdc 83%\u00bb global_colors_info=\u00bb{}\u00bb max_width__hover_enabled=\u00bbon|desktop\u00bb]<\/p>\n<p>La prevenci\u00f3n y la educaci\u00f3n son elementos clave para favorecer el bienestar emocional y psicol\u00f3gico individual y para prevenir violencias o futuros problemas de salud mental.<\/p>\n<p>[\/et_pb_cta][\/et_pb_column][\/et_pb_row][\/et_pb_section][et_pb_section fb_built=\u00bb1&#8243; _builder_version=\u00bb4.27.4&#8243; _module_preset=\u00bbdefault\u00bb global_colors_info=\u00bb{}\u00bb][et_pb_row _builder_version=\u00bb4.27.4&#8243; _module_preset=\u00bbdefault\u00bb global_colors_info=\u00bb{}\u00bb][et_pb_column type=\u00bb4_4&#8243; _builder_version=\u00bb4.27.4&#8243; _module_preset=\u00bbdefault\u00bb global_colors_info=\u00bb{}\u00bb][et_pb_text _builder_version=\u00bb4.27.4&#8243; _module_preset=\u00bbdefault\u00bb global_colors_info=\u00bb{}\u00bb]<\/p>\n<h2>Puede ser la <span class=\"text-subratllat\">terapia para ti<\/span> si buscas\u2026<\/h2>\n<p>[\/et_pb_text][\/et_pb_column][\/et_pb_row][et_pb_row column_structure=\u00bb1_4,1_4,1_4,1_4&#8243; _builder_version=\u00bb4.27.4&#8243; _module_preset=\u00bbdefault\u00bb global_colors_info=\u00bb{}\u00bb][et_pb_column type=\u00bb1_4&#8243; _builder_version=\u00bb4.27.4&#8243; _module_preset=\u00bbdefault\u00bb global_colors_info=\u00bb{}\u00bb][et_pb_blurb title=\u00bbRelaci\u00f3n de t\u00fa a t\u00fa \u00bb use_icon=\u00bbon\u00bb _builder_version=\u00bb4.27.4&#8243; _module_preset=\u00bbdefault\u00bb global_colors_info=\u00bb{}\u00bb]<\/p>\n<p>Lejos de la asimetr\u00eda r\u00edgida de la medicina y psiquiatr\u00eda tradicional<\/p>\n<p>[\/et_pb_blurb][\/et_pb_column][et_pb_column type=\u00bb1_4&#8243; _builder_version=\u00bb4.27.4&#8243; _module_preset=\u00bbdefault\u00bb global_colors_info=\u00bb{}\u00bb][et_pb_blurb title=\u00bbCentrada en emociones\u00bb use_icon=\u00bbon\u00bb _builder_version=\u00bb4.27.4&#8243; _module_preset=\u00bbdefault\u00bb global_colors_info=\u00bb{}\u00bb]Hablamos y entendemos c\u00f3mo te sientes, m\u00e1s all\u00e1 de conductas o s\u00edntomas[\/et_pb_blurb][\/et_pb_column][et_pb_column type=\u00bb1_4&#8243; _builder_version=\u00bb4.27.4&#8243; _module_preset=\u00bbdefault\u00bb global_colors_info=\u00bb{}\u00bb][et_pb_blurb title=\u00bbPerspectiva integral\u00bb use_icon=\u00bbon\u00bb _builder_version=\u00bb4.27.4&#8243; _module_preset=\u00bbdefault\u00bb global_colors_info=\u00bb{}\u00bb]<\/p>\n<p>Visi\u00f3n hol\u00edstica de la persona, entendiendo que la salud f\u00edsica y la mental se interrelacionan entre s\u00ed<\/p>\n<p>[\/et_pb_blurb][\/et_pb_column][et_pb_column type=\u00bb1_4&#8243; _builder_version=\u00bb4.27.4&#8243; _module_preset=\u00bbdefault\u00bb global_colors_info=\u00bb{}\u00bb][et_pb_blurb title=\u00bbMirada social\u00bb use_icon=\u00bbon\u00bb _builder_version=\u00bb4.27.4&#8243; _module_preset=\u00bbdefault\u00bb global_colors_info=\u00bb{}\u00bb]La ra\u00edz de muchos malestares est\u00e1 en el sistema capitalista, no siempre en la persona[\/et_pb_blurb][\/et_pb_column][\/et_pb_row][et_pb_row column_structure=\u00bb1_4,1_4,1_4,1_4&#8243; _builder_version=\u00bb4.27.4&#8243; _module_preset=\u00bbdefault\u00bb custom_padding=\u00bb||21px|||\u00bb global_colors_info=\u00bb{}\u00bb][et_pb_column type=\u00bb1_4&#8243; _builder_version=\u00bb4.27.4&#8243; _module_preset=\u00bbdefault\u00bb global_colors_info=\u00bb{}\u00bb][et_pb_blurb title=\u00bbFeminismo\u00bb use_icon=\u00bbon\u00bb _builder_version=\u00bb4.27.4&#8243; _module_preset=\u00bbdefault\u00bb global_colors_info=\u00bb{}\u00bb]El g\u00e9nero nos atraviesa siempre, especialmente cuando hablamos de sexo[\/et_pb_blurb][\/et_pb_column][et_pb_column type=\u00bb1_4&#8243; _builder_version=\u00bb4.27.4&#8243; _module_preset=\u00bbdefault\u00bb global_colors_info=\u00bb{}\u00bb][et_pb_blurb title=\u00bbTrans-inclusividad\u00bb use_icon=\u00bbon\u00bb _builder_version=\u00bb4.27.4&#8243; _module_preset=\u00bbdefault\u00bb global_colors_info=\u00bb{}\u00bb]<\/p>\n<p>El feminismo no tiene sentido si no luchamos por todas<\/p>\n<p>[\/et_pb_blurb][\/et_pb_column][et_pb_column type=\u00bb1_4&#8243; _builder_version=\u00bb4.27.4&#8243; _module_preset=\u00bbdefault\u00bb global_colors_info=\u00bb{}\u00bb][et_pb_blurb title=\u00bbPerspectiva LGTBIQA+\u00bb use_icon=\u00bbon\u00bb _builder_version=\u00bb4.27.4&#8243; _module_preset=\u00bbdefault\u00bb global_colors_info=\u00bb{}\u00bb]Tu identidad no es un problema, sufrir LGTB-fobia s\u00ed[\/et_pb_blurb][\/et_pb_column][et_pb_column type=\u00bb1_4&#8243; _builder_version=\u00bb4.27.4&#8243; _module_preset=\u00bbdefault\u00bb global_colors_info=\u00bb{}\u00bb][et_pb_blurb title=\u00bbEspecialista en No-monogamias\u00bb use_icon=\u00bbon\u00bb _builder_version=\u00bb4.27.4&#8243; _module_preset=\u00bbdefault\u00bb global_colors_info=\u00bb{}\u00bb]Las NME conllevan retos propios, pero no son un problema en s\u00ed mismo[\/et_pb_blurb][\/et_pb_column][\/et_pb_row][\/et_pb_section][et_pb_section fb_built=\u00bb1&#8243; _builder_version=\u00bb4.27.4&#8243; _module_preset=\u00bbdefault\u00bb custom_padding=\u00bb||90px||false|false\u00bb global_colors_info=\u00bb{}\u00bb][et_pb_row _builder_version=\u00bb4.27.4&#8243; _module_preset=\u00bbdefault\u00bb global_colors_info=\u00bb{}\u00bb][et_pb_column type=\u00bb4_4&#8243; _builder_version=\u00bb4.27.4&#8243; _module_preset=\u00bbdefault\u00bb global_colors_info=\u00bb{}\u00bb][et_pb_text _builder_version=\u00bb4.27.4&#8243; _module_preset=\u00bbdefault\u00bb global_colors_info=\u00bb{}\u00bb]<\/p>\n<h2><span class=\"text-subratllat\">Testimonios<\/span><\/h2>\n<p>[\/et_pb_text][dipi_testimonial item_align=\u00bbleft\u00bb total_testimonial=\u00bb-1&#8243; use_hide_img=\u00bbon\u00bb use_hide_rating=\u00bbon\u00bb use_hide_company=\u00bbon\u00bb use_hide_company_link=\u00bbon\u00bb review_length=\u00bb33&#8243; readmore_text=\u00bbLeer m\u00e1s\u00bb review_type=\u00bboff|off|off|off\u00bb use_show_popup_rating=\u00bboff\u00bb use_show_popup_image=\u00bboff\u00bb use_show_popup_company=\u00bboff\u00bb columns=\u00bb3&#8243; space_between=\u00bb30&#8243; container_padding=\u00bb0px|0px|0px|0px|false|false\u00bb loop=\u00bbon\u00bb autoplay=\u00bbon\u00bb pause_on_hover=\u00bboff\u00bb navigation=\u00bbon\u00bb navigation_on_hover=\u00bbon\u00bb pagination=\u00bbon\u00bb use_navi_prev_icon=\u00bbon\u00bb navi_prev_icon=\u00bb&#x23;||divi||400&#8243; use_navi_next_icon=\u00bbon\u00bb navi_next_icon=\u00bb&#x24;||divi||400&#8243; navi_size=\u00bb30&#8243; navi_padding=\u00bb0&#8243; navi_color=\u00bb#CB7189&#8243; pagi_color=\u00bb#CB7189&#8243; pagi_active_color=\u00bb#CB7189&#8243; item_padding=\u00bb0px|0px|0px|0px|false|false\u00bb columns_tablet=\u00bb2&#8243; columns_phone=\u00bb1&#8243; columns_last_edited=\u00bbon|desktop\u00bb _builder_version=\u00bb4.27.4&#8243; _module_preset=\u00bbdefault\u00bb testimonial_name_font=\u00bb|700|||||||\u00bb readmore_font=\u00bb|||on|||||\u00bb readmore_text_color=\u00bb#b75871&#8243; hover_enabled=\u00bb0&#8243; custom_css_testimonial_readmore=\u00bbpadding-top:10px;||display:inline-block;\u00bb global_colors_info=\u00bb{}\u00bb sticky_enabled=\u00bb0&#8243;][\/dipi_testimonial][\/et_pb_column][\/et_pb_row][\/et_pb_section][et_pb_section fb_built=\u00bb1&#8243; fullwidth=\u00bbon\u00bb _builder_version=\u00bb4.27.4&#8243; _module_preset=\u00bbdefault\u00bb custom_padding=\u00bb0px||||false|false\u00bb global_module=\u00bb414&#8243; saved_tabs=\u00bball\u00bb global_colors_info=\u00bb{}\u00bb][et_pb_fullwidth_code _builder_version=\u00bb4.27.4&#8243; _module_preset=\u00bbdefault\u00bb custom_padding=\u00bb||0px||false|false\u00bb global_colors_info=\u00bb{}\u00bb]<\/p>\n<style><!-- [et_pb_line_break_holder] -->  .lgtb div {<!-- [et_pb_line_break_holder] -->    border-width:2px!important;<!-- [et_pb_line_break_holder] -->    border-style:solid;<!-- [et_pb_line_break_holder] -->    opacity:0.7<!-- [et_pb_line_break_holder] -->  }<!-- [et_pb_line_break_holder] --><\/style>\n<p><!-- [et_pb_line_break_holder] --><\/p>\n<div class=\"lgtb\"><!-- [et_pb_line_break_holder] -->  <\/p>\n<div style=\"border-color:#F23C4F\"><\/div>\n<p><!-- [et_pb_line_break_holder] -->  <\/p>\n<div style=\"border-color:#FA8057;\"><\/div>\n<p><!-- [et_pb_line_break_holder] -->  <\/p>\n<div style=\"border-color:#FFC92F;\"><\/div>\n<p><!-- [et_pb_line_break_holder] -->  <\/p>\n<div style=\"border-color:#7AC943;\"><\/div>\n<p><!-- [et_pb_line_break_holder] -->  <\/p>\n<div style=\"border-color:#5457F3;\"><\/div>\n<p><!-- [et_pb_line_break_holder] -->  <\/p>\n<div style=\"border-color:#8B53EC;\"><\/div>\n<p><!-- [et_pb_line_break_holder] -->  <\/p>\n<div style=\"border-color:#FFFFFF;\"><\/div>\n<p><!-- [et_pb_line_break_holder] -->  <\/p>\n<div style=\"border-color:#FAB4D3;\"><\/div>\n<p><!-- [et_pb_line_break_holder] -->  <\/p>\n<div style=\"border-color:#8ED5E3;\"><\/div>\n<p><!-- [et_pb_line_break_holder] -->  <\/p>\n<div style=\"border-color:#7D543F;\"><\/div>\n<p><!-- [et_pb_line_break_holder] -->  <\/p>\n<div style=\"border-color:#423F3F; opacity:1;\"><\/div>\n<p><!-- [et_pb_line_break_holder] --><\/div>\n<p><!-- [et_pb_line_break_holder] -->[\/et_pb_fullwidth_code][\/et_pb_section]<\/p>\n","protected":false},"excerpt":{"rendered":"<p>Psic\u00f3loga y Sex\u00f3loga Te invito a un espacio de reflexi\u00f3n y autocuidado. Iniciar un proceso de psicoterapia es regalarte un tiempo para ti, para reencontrarte, descubrir que deseas y necesitas y aprender a quererte sanamente. En compa\u00f1\u00eda de una profesional que te dar\u00e1 las herramientas y recursos para afrontar los retos de la vida.Mi visi\u00f3n [&hellip;]<\/p>\n","protected":false},"author":2,"featured_media":0,"parent":0,"menu_order":0,"comment_status":"closed","ping_status":"closed","template":"","meta":{"_et_pb_use_builder":"on","_et_pb_old_content":"","_et_gb_content_width":"","footnotes":""},"class_list":["post-2260","page","type-page","status-publish","hentry"],"_links":{"self":[{"href":"https:\/\/www.adrianacid.com\/es\/wp-json\/wp\/v2\/pages\/2260","targetHints":{"allow":["GET"]}}],"collection":[{"href":"https:\/\/www.adrianacid.com\/es\/wp-json\/wp\/v2\/pages"}],"about":[{"href":"https:\/\/www.adrianacid.com\/es\/wp-json\/wp\/v2\/types\/page"}],"author":[{"embeddable":true,"href":"https:\/\/www.adrianacid.com\/es\/wp-json\/wp\/v2\/users\/2"}],"replies":[{"embeddable":true,"href":"https:\/\/www.adrianacid.com\/es\/wp-json\/wp\/v2\/comments?post=2260"}],"version-history":[{"count":10,"href":"https:\/\/www.adrianacid.com\/es\/wp-json\/wp\/v2\/pages\/2260\/revisions"}],"predecessor-version":[{"id":2411,"href":"https:\/\/www.adrianacid.com\/es\/wp-json\/wp\/v2\/pages\/2260\/revisions\/2411"}],"wp:attachment":[{"href":"https:\/\/www.adrianacid.com\/es\/wp-json\/wp\/v2\/media?parent=2260"}],"curies":[{"name":"wp","href":"https:\/\/api.w.org\/{rel}","templated":true}]}}