{"id":2342,"date":"2025-06-12T07:45:45","date_gmt":"2025-06-12T06:45:45","guid":{"rendered":"https:\/\/www.adrianacid.com\/aviso-legal"},"modified":"2025-08-25T12:19:13","modified_gmt":"2025-08-25T11:19:13","slug":"aviso-legal","status":"publish","type":"page","link":"https:\/\/www.adrianacid.com\/es\/aviso-legal","title":{"rendered":"Aviso legal"},"content":{"rendered":"\n<p><strong>ADRIANA CID<\/strong><br\/>C\/ROSSELL\u00d3 17, ENT 2\u00aa<br\/>08029 BARCELONA<br\/>Tel: 656 66 42 30<\/p>\n\n<h3 class=\"wp-block-heading\">Acerca de la propiedad legal y el Copyright<\/h3>\n\n<p>El propietario de este sitio web y de su contenido es la empresa <strong><strong>ADRIANA CID<\/strong> .<\/strong> Queda prohibida la transmisi\u00f3n, cesi\u00f3n, venta, alquiler y\/o exhibici\u00f3n p\u00fablica de este sitio web sin la correspondiente autorizaci\u00f3n de sus titulares. La informaci\u00f3n y los consejos presentados en este sitio web tienen un car\u00e1cter orientativo, quedando <strong><strong>ADRIANA CID<\/strong><\/strong> exenta de cualquier responsabilidad derivada de la carencia de exactitud o eficacia de esta informaci\u00f3n o consejos.<\/p>\n\n<p><strong><strong>ADRIANA CID<\/strong><\/strong> se reserva el derecho de modificar el contenido del sitio web sin previo aviso y sin ning\u00fan tipo de limitaci\u00f3n. La informaci\u00f3n remitida a este sitio web o introducida a trav\u00e9s de sus formularios debe ser veraz y no vulnerar\u00e1 los derechos de terceros ni la legalidad vigente.<\/p>\n\n<p><strong><strong>ADRIANA CID<\/strong><\/strong> declina cualquier responsabilidad contractual o extracontractual con la persona o empresa que sufra perjuicios de cualquier naturaleza ocasionados por virus inform\u00e1ticos o elementos inform\u00e1ticos de cualquier tipo, ya que no puede garantizar al 100% la ausencia de virus ni de otros elementos en el sitio web.<\/p>\n\n<h3 class=\"wp-block-heading\">Condiciones de uso del sitio web<\/h3>\n\n<p><strong><strong>ADRIANA CID<\/strong><\/strong> ofrece en su sitio web informaci\u00f3n relacionada con el tipo de actividad, productos y servicios que realiza, previa suscripci\u00f3n y en los t\u00e9rminos y condiciones pactados.<\/p>\n\n<p><strong><strong>ADRIANA CID<\/strong><\/strong> se reserva el derecho de actualizar, modificar o eliminar la informaci\u00f3n contenida en <a href=\"https:\/\/www.adrianacid.com\/es\">https:\/\/www.adrianacid.com\/<\/a> , pudiendo limitar o no permitir el acceso a esta informaci\u00f3n. En especial, <strong><strong>ADRIANA CID<\/strong><\/strong> se reserva el derecho de eliminar, limitar o impedir el acceso a su sitio web cuando surjan dificultades t\u00e9cnicas por hechos o circunstancias ajenas a la empresa que, a su criterio, disminuyan o anulen los niveles de seguridad adoptados para el adecuado funcionamiento del sitio web.<\/p>\n\n<h3 class=\"wp-block-heading\">Pol\u00edtica de protecci\u00f3n de datos<\/h3>\n\n<p>Algunos servicios prestados en el sitio web pueden contener condiciones particulares con previsiones espec\u00edficas en materia de protecci\u00f3n de datos personales. Los datos personales recogidos ser\u00e1n objeto de tratamiento automatizado e incorporados a los archivos automatizados correspondientes.<\/p>\n\n<p>El usuario garantiza que los datos personales facilitados a <strong><strong>ADRIANA CID<\/strong><\/strong> son ver\u00eddicos y se responsabiliza de comunicar cualquier modificaci\u00f3n.<\/p>\n\n<p><strong><strong>ADRIANA CID<\/strong><\/strong> , como responsable del fichero automatizado, garantiza el pleno cumplimiento de la normativa de protecci\u00f3n de datos de car\u00e1cter personal y, as\u00ed, de acuerdo con la LO 15\/1999, los apoderados, intervinientes, autorizados y, en su caso, avaladores de la entidad jur\u00eddica firmante quedan informados y prestan su consentimiento a los mismos a la incorporaci\u00f3n.<\/p>\n\n<p>La recogida y tratamiento automatizado de los datos personales tiene como finalidad el mantenimiento de la relaci\u00f3n contractual con <strong><strong>ADRIANA CID<\/strong><\/strong> , la gesti\u00f3n, administraci\u00f3n, prestaci\u00f3n, ampliaci\u00f3n y mejora de los servicios en los que el usuario decida darse de alta, as\u00ed como el env\u00edo por medios tradicionales y electr\u00f3nicos de informaci\u00f3n t\u00e9cnica, operativa y comercial sobre productos y servicios ofrecidos por <strong><strong>ADRIANA CID<\/strong><\/strong> .<\/p>\n\n<p><strong><strong>ADRIANA CID<\/strong><\/strong> ha adoptado los niveles de seguridad de protecci\u00f3n de datos personales legalmente requeridos, procurando instalar otros medios y medidas t\u00e9cnicas adicionales a su alcance para evitar la p\u00e9rdida, uso indebido, alteraci\u00f3n, acceso no autorizado y robo de los datos personales facilitados. Sin embargo, el usuario debe ser consciente de que las medidas de seguridad en Internet no son inexpugnables.<\/p>\n\n<p>Los usuarios tienen derechos reconocidos y podr\u00e1n ejercitar los derechos de acceso, cancelaci\u00f3n, rectificaci\u00f3n y oposici\u00f3n, as\u00ed como ser informados de las cesiones realizadas, contactando con <strong><strong>ADRIANA CID<\/strong><\/strong> .<\/p>\n\n<p><strong><strong>ADRIANA CID<\/strong><\/strong> puede utilizar cookies cuando un usuario navega por el sitio web, asoci\u00e1ndose \u00fanicamente con el navegador de un ordenador determinado (usuario an\u00f3nimo) y no proporcionan por s\u00ed mismas el nombre y apellidos del usuario. Gracias a las cookies, es posible que <strong><strong>ADRIANA CID<\/strong><\/strong> reconozca los navegadores de los usuarios registrados despu\u00e9s de que \u00e9stos se hayan registrado por primera vez, sin que tengan que volver a registrarse en cada visita para acceder a las \u00e1reas y servicios reservados exclusivamente para ellos. Las cookies utilizadas no pueden leer los archivos cookie creados por otros proveedores. El usuario tiene la posibilidad de configurar su navegador para ser avisado en la pantalla de la recepci\u00f3n de cookies y para impedir la instalaci\u00f3n de cookies en su disco duro.<\/p>\n\n<h3 class=\"wp-block-heading\">Anal\u00edtica web<\/h3>\n\n<p>Este sitio web utiliza <strong>Google Analytics<\/strong> , un servicio de an\u00e1lisis web prestado por Google, Inc., una compa\u00f1\u00eda de Delaware con sede principal en 1600 Amphitheatre Parkway, Mountain View (California), CA 94043, Estados Unidos (\u201cGoogle\u201d).<\/p>\n\n<p>Google Analytics utiliza \u201ccookies\u201d, que son archivos de texto ubicados en su ordenador, para ayudar al sitio web a analizar el uso que hacen los usuarios del mismo. La informaci\u00f3n que genera la cookie sobre el uso del sitio web (incluyendo su direcci\u00f3n IP) ser\u00e1 directamente transmitida y archivada por Google a sus servidores en Estados Unidos. Google utilizar\u00e1 esta informaci\u00f3n por nuestra cuenta con el fin de seguir la pista del uso del sitio web, recopilar informes de la actividad y prestar otros servicios relacionados con la actividad del sitio y el uso de Internet.<\/p>\n\n<p>Google podr\u00e1 transmitir esta informaci\u00f3n a terceros cuando as\u00ed lo requiera la legislaci\u00f3n, o cuando estos terceros procesen la informaci\u00f3n por cuenta de Google. Google no asociar\u00e1 su direcci\u00f3n IP con ning\u00fan otro dato del que disponga.<\/p>\n\n<p>Puede rechazar el tratamiento de los datos o la informaci\u00f3n rechazando el uso de cookies mediante la selecci\u00f3n de la configuraci\u00f3n apropiada de su navegador. Sin embargo, debe saber que si lo hace es posible que no pueda utilizar la plena funcionalidad de este sitio web.<\/p>\n\n<p>Al utilizar este sitio web, consiente el tratamiento de informaci\u00f3n sobre usted por parte de Google en la forma y para los fines indicados anteriormente.<\/p>\n","protected":false},"excerpt":{"rendered":"<p>ADRIANA CIDC\/ROSSELL\u00d3 17, ENT 2\u00aa08029 BARCELONATel: 656 66 42 30 Acerca de la propiedad legal y el Copyright El propietario de este sitio web y de su contenido es la empresa ADRIANA CID . Queda prohibida la transmisi\u00f3n, cesi\u00f3n, venta, alquiler y\/o exhibici\u00f3n p\u00fablica de este sitio web sin la correspondiente autorizaci\u00f3n de sus titulares. [&hellip;]<\/p>\n","protected":false},"author":2,"featured_media":0,"parent":0,"menu_order":0,"comment_status":"closed","ping_status":"closed","template":"","meta":{"_et_pb_use_builder":"off","_et_pb_old_content":"","_et_gb_content_width":"","footnotes":""},"class_list":["post-2342","page","type-page","status-publish","hentry"],"_links":{"self":[{"href":"https:\/\/www.adrianacid.com\/es\/wp-json\/wp\/v2\/pages\/2342","targetHints":{"allow":["GET"]}}],"collection":[{"href":"https:\/\/www.adrianacid.com\/es\/wp-json\/wp\/v2\/pages"}],"about":[{"href":"https:\/\/www.adrianacid.com\/es\/wp-json\/wp\/v2\/types\/page"}],"author":[{"embeddable":true,"href":"https:\/\/www.adrianacid.com\/es\/wp-json\/wp\/v2\/users\/2"}],"replies":[{"embeddable":true,"href":"https:\/\/www.adrianacid.com\/es\/wp-json\/wp\/v2\/comments?post=2342"}],"version-history":[{"count":1,"href":"https:\/\/www.adrianacid.com\/es\/wp-json\/wp\/v2\/pages\/2342\/revisions"}],"predecessor-version":[{"id":2343,"href":"https:\/\/www.adrianacid.com\/es\/wp-json\/wp\/v2\/pages\/2342\/revisions\/2343"}],"wp:attachment":[{"href":"https:\/\/www.adrianacid.com\/es\/wp-json\/wp\/v2\/media?parent=2342"}],"curies":[{"name":"wp","href":"https:\/\/api.w.org\/{rel}","templated":true}]}}