{"id":2358,"date":"2025-06-05T09:48:30","date_gmt":"2025-06-05T08:48:30","guid":{"rendered":"https:\/\/www.adrianacid.com\/sobre-mi"},"modified":"2025-08-25T12:52:10","modified_gmt":"2025-08-25T11:52:10","slug":"sobre-mi","status":"publish","type":"page","link":"https:\/\/www.adrianacid.com\/es\/sobre-mi","title":{"rendered":"Sobre m\u00ed"},"content":{"rendered":"<p>[et_pb_section fb_built=\u00bb1&#8243; module_class=\u00bbverd\u00bb _builder_version=\u00bb4.27.4&#8243; _module_preset=\u00bbdefault\u00bb background_color=\u00bb#FFF8B1&#8243; background_image=\u00bbhttps:\/\/www.adrianacid.com\/wp-content\/uploads\/2025\/06\/psicoterapia-individual-adriana-cid.png\u00bb background_size=\u00bbcustom\u00bb background_image_height=\u00bb90%\u00bb background_position=\u00bbbottom_right\u00bb background_horizontal_offset=\u00bb7%\u00bb min_height=\u00bb20vh\u00bb hover_enabled=\u00bb0&#8243; locked=\u00bboff\u00bb global_colors_info=\u00bb{}\u00bb sticky_enabled=\u00bb0&#8243;][et_pb_row column_structure=\u00bb2_3,1_3&#8243; _builder_version=\u00bb4.27.4&#8243; _module_preset=\u00bbdefault\u00bb global_colors_info=\u00bb{}\u00bb][et_pb_column type=\u00bb2_3&#8243; _builder_version=\u00bb4.27.4&#8243; _module_preset=\u00bbdefault\u00bb global_colors_info=\u00bb{}\u00bb][et_pb_cta title=\u00bbSobre m\u00ed\u00bb button_url=\u00bb#contacte\u00bb _builder_version=\u00bb4.27.4&#8243; _module_preset=\u00bb_initial\u00bb header_level=\u00bbh1&#8243; global_colors_info=\u00bb{}\u00bb]<\/p>\n<h2>El estudio de la salud mental y la sexolog\u00eda me ha apasionado desde que era joven.<\/h2>\n<p>Soy Adriana, psicoterapeuta humanista especializada en sexolog\u00eda positiva y no monogamias. Pongo a la persona y sus emociones en el centro de la terapia, generando un espacio para explorar todos estos sentimientos y vivencias a menudo no escuchadas, y ayudar a mis pacientes a conectar con la autocompasi\u00f3n y deshacerse de prejuicios, creencias limitantes y \u201cdeber\u00eda\u201d, en la sexualidad, sus v\u00ednculos y todos los \u00e1mbitos.<\/p>\n<p>\u00bfQuieres saber c\u00f3mo he llegado aqu\u00ed? D\u00e9jame que te hable de mi camino\u2026[\/et_pb_cta][\/et_pb_column][et_pb_column type=\u00bb1_3&#8243; _builder_version=\u00bb4.27.4&#8243; _module_preset=\u00bbdefault\u00bb global_colors_info=\u00bb{}\u00bb][\/et_pb_column][\/et_pb_row][\/et_pb_section][et_pb_section fb_built=\u00bb1&#8243; module_class=\u00bbverd\u00bb _builder_version=\u00bb4.27.4&#8243; _module_preset=\u00bbdefault\u00bb background_color=\u00bb#FFFFFF\u00bb background_size=\u00bbcustom\u00bb background_image_height=\u00bb90%\u00bb background_position=\u00bbbottom_left\u00bb background_horizontal_offset=\u00bb2%\u00bb min_height=\u00bb20vh\u00bb hover_enabled=\u00bb0&#8243; locked=\u00bboff\u00bb global_colors_info=\u00bb{}\u00bb background_enable_image=\u00bboff\u00bb sticky_enabled=\u00bb0&#8243;][et_pb_row column_structure=\u00bb1_5,3_5,1_5&#8243; _builder_version=\u00bb4.27.4&#8243; _module_preset=\u00bbdefault\u00bb global_colors_info=\u00bb{}\u00bb][et_pb_column type=\u00bb1_5&#8243; _builder_version=\u00bb4.27.4&#8243; _module_preset=\u00bbdefault\u00bb global_colors_info=\u00bb{}\u00bb][\/et_pb_column][et_pb_column type=\u00bb3_5&#8243; _builder_version=\u00bb4.27.4&#8243; _module_preset=\u00bbdefault\u00bb global_colors_info=\u00bb{}\u00bb][et_pb_cta title=\u00bbPrimeros pasos\u00bb button_url=\u00bb#contacte\u00bb _builder_version=\u00bb4.27.4&#8243; _module_preset=\u00bb_initial\u00bb hover_enabled=\u00bb0&#8243; global_colors_info=\u00bb{}\u00bb text_orientation=\u00bbcenter\u00bb sticky_enabled=\u00bb0&#8243;]<\/p>\n<p>Desde peque\u00f1a me ha interesado entender a las personas y c\u00f3mo funcionamos internamente: era la amiga que ten\u00eda consejos para todos. De adolescente me encantaba hablar con mis amistades de sexo y de amor y leer revistas o libros para resolver cualquier duda que pudiera surgir. Haciendo mi TFG sobre sexualidad humana, acab\u00e9 de decidirme por formarme en sexolog\u00eda y entrar en el grado de psicolog\u00eda.<\/p>\n<p>[\/et_pb_cta][\/et_pb_column][et_pb_column type=\u00bb1_5&#8243; _builder_version=\u00bb4.27.4&#8243; _module_preset=\u00bbdefault\u00bb global_colors_info=\u00bb{}\u00bb][\/et_pb_column][\/et_pb_row][\/et_pb_section][et_pb_section fb_built=\u00bb1&#8243; module_class=\u00bbverd\u00bb _builder_version=\u00bb4.27.4&#8243; _module_preset=\u00bbdefault\u00bb background_color=\u00bbRGBA(255,255,255,0)\u00bb background_enable_image=\u00bboff\u00bb background_size=\u00bbcustom\u00bb background_image_height=\u00bb90%\u00bb background_position=\u00bbbottom_right\u00bb min_height=\u00bb30vh\u00bb locked=\u00bboff\u00bb global_colors_info=\u00bb{}\u00bb][et_pb_row column_structure=\u00bb2_3,1_3&#8243; _builder_version=\u00bb4.27.4&#8243; _module_preset=\u00bbdefault\u00bb global_colors_info=\u00bb{}\u00bb][et_pb_column type=\u00bb2_3&#8243; _builder_version=\u00bb4.27.4&#8243; _module_preset=\u00bbdefault\u00bb global_colors_info=\u00bb{}\u00bb][et_pb_cta title=\u00bbGrado de Psicolog\u00eda &#8211; UAB\u00bb button_url=\u00bb#contacte\u00bb _builder_version=\u00bb4.27.4&#8243; _module_preset=\u00bb_initial\u00bb global_colors_info=\u00bb{}\u00bb]<\/p>\n<p>\u00bfPor qu\u00e9 psicolog\u00eda? al principio te confieso que era solo la carrera que me permitir\u00eda especializarme en sexolog\u00eda despu\u00e9s, pero con el tiempo me enamor\u00e9 de esta ciencia, y descubrir otras \u00e1reas de la psicolog\u00eda que hoy en d\u00eda atiendo habitualmente a consulta: la gesti\u00f3n del estr\u00e9s, los procesos de duelo, el trabajo en torno a la identidad propia, las din\u00e1micas sociales\u2026<\/p>\n<p>Durante estos a\u00f1os particip\u00e9 en un <strong>voluntariado de promoci\u00f3n de la salud <\/strong>en el campus, en la FAS -la Fundaci\u00f3n Aut\u00f3noma Solidaria-. Fue una \u00e9poca muy divertida donde cre\u00e9 y dinamic\u00e9 diferentes actividades para hablar de sexualidad positiva y segura, reducci\u00f3n de riesgos en el \u00e1mbito de drogas, feminismos\u2026 Me encant\u00f3 cada momento vivido y a\u00f1os despu\u00e9s sigo disfrutando de realizar talleres y actividades de promoci\u00f3n de la salud.<\/p>\n<p>[\/et_pb_cta][\/et_pb_column][et_pb_column type=\u00bb1_3&#8243; _builder_version=\u00bb4.27.4&#8243; _module_preset=\u00bbdefault\u00bb global_colors_info=\u00bb{}\u00bb][et_pb_image src=\u00bbhttps:\/\/www.adrianacid.com\/wp-content\/uploads\/2025\/06\/grau-psicologia-uniab-adriana-cid.jpg\u00bb alt=\u00bbGrado Psicolog\u00eda UAB, Adriana CID\u00bb title_text=\u00bbgrado-psicolog\u00eda-uniab-adriana-cid\u00bb _builder_version=\u00bb4.27.4&#8243; _module_preset=\u00bbdefault\u00bb max_width=\u00bb100%\u00bb global_colors_info=\u00bb{}\u00bb][\/et_pb_image][\/et_pb_column][\/et_pb_row][et_pb_row column_structure=\u00bb1_3,2_3&#8243; _builder_version=\u00bb4.27.4&#8243; _module_preset=\u00bbdefault\u00bb global_colors_info=\u00bb{}\u00bb][et_pb_column type=\u00bb1_3&#8243; _builder_version=\u00bb4.27.4&#8243; _module_preset=\u00bbdefault\u00bb global_colors_info=\u00bb{}\u00bb][et_pb_image src=\u00bbhttps:\/\/www.adrianacid.com\/wp-content\/uploads\/2025\/06\/post-grau-psicoterapia-integradora-adriana-cid.jpg\u00bb alt=\u00bbadriana cid realizando terapia\u00bb title_text=\u00bbpos-grado-psicoterapia-integradora-adriana-cid\u00bb _builder_version=\u00bb4.27.4&#8243; _module_preset=\u00bbdefault\u00bb global_colors_info=\u00bb{}\u00bb][\/et_pb_image][\/et_pb_column][et_pb_column type=\u00bb2_3&#8243; _builder_version=\u00bb4.27.4&#8243; _module_preset=\u00bbdefault\u00bb global_colors_info=\u00bb{}\u00bb][et_pb_cta title=\u00bbPosgrado en Psicoterapia Integradora\u00bb button_url=\u00bb#contacte\u00bb _builder_version=\u00bb4.27.4&#8243; _module_preset=\u00bb_initial\u00bb global_colors_info=\u00bb{}\u00bb]<\/p>\n<p>Seguro que te suenan palabras como psicoan\u00e1lisis o terapia cognitiva conductual. Lo que quiz\u00e1 sea menos conocido es la terapia humanista. A pesar de que todas las escuelas tienen su valor en aportar y aprovecho recursos de diversos enfoques, siento que <strong>la perspectiva humanista es la que m\u00e1s encaja con mi visi\u00f3n<\/strong> de la terapia y la salud mental.<\/p>\n<p>Entienden a la paciente como un agente activo en su proceso de terapia, y \u00e9sta como un camino al autoconocimiento y al empoderamiento. Es una perspectiva que pone el foco en nuestras emociones y en las historias que nos contamos a nosotros mismos: pudi\u00e9ndonos fortalecer o atrapar en lo que no sentimos resuelto.<\/p>\n<p>[\/et_pb_cta][\/et_pb_column][\/et_pb_row][et_pb_row column_structure=\u00bb2_3,1_3&#8243; _builder_version=\u00bb4.27.4&#8243; _module_preset=\u00bbdefault\u00bb global_colors_info=\u00bb{}\u00bb][et_pb_column type=\u00bb2_3&#8243; _builder_version=\u00bb4.27.4&#8243; _module_preset=\u00bbdefault\u00bb global_colors_info=\u00bb{}\u00bb][et_pb_cta title=\u00bbM\u00e1ster en sexolog\u00eda\u00bb button_url=\u00bb#contacte\u00bb _builder_version=\u00bb4.27.4&#8243; _module_preset=\u00bb_initial\u00bb global_colors_info=\u00bb{}\u00bb]<\/p>\n<p>Que me interesaba descubrir la ciencia detr\u00e1s del sexo no era un gran secreto ni por m\u00ed, ni por nadie que me conozca un poco. Quer\u00eda entender c\u00f3mo funcionan las hormonas, el sistema reproductivo, que hace que sintamos deseo y que lo perdamos\u2026<\/p>\n<p>Lo que quiz\u00e1s no esperaba era sentirme tan atra\u00edda por toda la sexualidad fuera de la norma preestablecida -friki hasta pa\u00b4eso-. Las pinceladas que hice en el m\u00e1ster sobre <strong>BDSM y no monogamias<\/strong> me dejaron con ganas de saber m\u00e1s. Haz entonces he seguido leyendo y form\u00e1ndome sobre el tema para poder acoger estas historias a consulta con la comprensi\u00f3n y el respeto que se merecen. \u00a1Y c\u00f3mo no, tambi\u00e9n me encanta hacer divulgaci\u00f3n!<\/p>\n<p>[\/et_pb_cta][\/et_pb_column][et_pb_column type=\u00bb1_3&#8243; _builder_version=\u00bb4.27.4&#8243; _module_preset=\u00bbdefault\u00bb global_colors_info=\u00bb{}\u00bb][et_pb_image src=\u00bbhttps:\/\/www.adrianacid.com\/wp-content\/uploads\/2025\/06\/master-universitari-kinky-queer-comunicacio-sexual-driana-cid.jpg\u00bb alt=\u00bbM\u00e1ster Comunicaci\u00f3n sexual, Adriana CID\u00bb title_text=\u00bbm\u00e1ster-universitario-kinky-queer-comunicaci\u00f3n sexual-driana-cid\u00bb _builder_version=\u00bb4.27.4&#8243; _module_preset=\u00bbdefault\u00bb global_colors_info=\u00bb{}\u00bb][\/et_pb_image][\/et_pb_column][\/et_pb_row][et_pb_row column_structure=\u00bb1_3,2_3&#8243; _builder_version=\u00bb4.27.4&#8243; _module_preset=\u00bbdefault\u00bb global_colors_info=\u00bb{}\u00bb][et_pb_column type=\u00bb1_3&#8243; _builder_version=\u00bb4.27.4&#8243; _module_preset=\u00bbdefault\u00bb global_colors_info=\u00bb{}\u00bb][et_pb_image src=\u00bbhttps:\/\/www.adrianacid.com\/wp-content\/uploads\/2025\/06\/altres-estudis-general-adriana-cid.jpg\u00bb alt=\u00bbOtros estudios, Adriana CID\u00bb title_text=\u00bbotros-estudios-general-adriana-cid\u00bb _builder_version=\u00bb4.27.4&#8243; _module_preset=\u00bbdefault\u00bb global_colors_info=\u00bb{}\u00bb][\/et_pb_image][\/et_pb_column][et_pb_column type=\u00bb2_3&#8243; _builder_version=\u00bb4.27.4&#8243; _module_preset=\u00bbdefault\u00bb global_colors_info=\u00bb{}\u00bb][et_pb_cta title=\u00bbOtros estudios\u00bb button_url=\u00bb#contacte\u00bb _builder_version=\u00bb4.27.4&#8243; _module_preset=\u00bb_initial\u00bb global_colors_info=\u00bb{}\u00bb]<\/p>\n<p>El M\u00e1ster en Psicolog\u00eda General Sanitaria y otras peque\u00f1as formaciones que he ido haciendo, me han ayudado a dar m\u00e1s amplitud a mi entendimiento de las personas y la salud mental, y tengo intenci\u00f3n de seguir form\u00e1ndome en un futuro: \u00a1no se deja nunca de aprender!<\/p>\n<p>[\/et_pb_cta][\/et_pb_column][\/et_pb_row][\/et_pb_section][et_pb_section fb_built=\u00bb1&#8243; module_class=\u00bbverd\u00bb _builder_version=\u00bb4.27.4&#8243; _module_preset=\u00bbdefault\u00bb background_color=\u00bb#CEECDC\u00bb background_image=\u00bbhttps:\/\/www.adrianacid.com\/wp-content\/uploads\/2025\/06\/suculenta-psicologia-sexual-adriana-cid.png\u00bb background_size=\u00bbcustom\u00bb background_image_height=\u00bb90%\u00bb background_position=\u00bbbottom_right\u00bb background_last_edited=\u00bbon|tablet\u00bb use_background_color_gradient_tablet=\u00bbon\u00bb use_background_color_gradient_phone=\u00bbon\u00bb background_color_gradient_stops_tablet=\u00bbrgba(206,236,220,0.66) 82%|rgba(255,255,255,0) 100%\u00bb background_color_gradient_stops_phone=\u00bbrgba(206,236,220,0.7) 79%|rgba(255,255,255,0) 100%\u00bb background_color_gradient_overlays_image_tablet=\u00bbon\u00bb locked=\u00bboff\u00bb global_colors_info=\u00bb{}\u00bb][et_pb_row module_id=\u00bbcontacte\u00bb _builder_version=\u00bb4.27.4&#8243; _module_preset=\u00bbdefault\u00bb global_colors_info=\u00bb{}\u00bb][et_pb_column type=\u00bb4_4&#8243; _builder_version=\u00bb4.27.4&#8243; _module_preset=\u00bbdefault\u00bb global_colors_info=\u00bb{}\u00bb][et_pb_text _builder_version=\u00bb4.27.4&#8243; _module_preset=\u00bbdefault\u00bb custom_margin=\u00bb||5px||false|false\u00bb custom_padding=\u00bb||||false|false\u00bb global_colors_info=\u00bb{}\u00bb]<\/p>\n<h2>M\u00e1s all\u00e1 de la psicolog\u00eda<\/h2>\n<p>Participo en movimientos culturales y de barrio, as\u00ed como en distintas asociaciones. Estas experiencias y conocimientos me han ayudado a ampliar mi visi\u00f3n del mundo y me dan recursos y herramientas diferentes que despu\u00e9s puedo aplicar en la terapia a la hora de crear actividades o tareas, desarrollar met\u00e1foras, propuesta de actividades fuera del circuito sanitario o, simplemente, conectar m\u00e1s con mis pacientes. [\/et_pb_text][\/et_pb_column][\/et_pb_row][et_pb_row column_structure=\u00bb1_2,1_2&#8243; module_id=\u00bbcontacte\u00bb _builder_version=\u00bb4.27.4&#8243; _module_preset=\u00bbdefault\u00bb global_colors_info=\u00bb{}\u00bb][et_pb_column type=\u00bb1_2&#8243; _builder_version=\u00bb4.27.4&#8243; _module_preset=\u00bbdefault\u00bb global_colors_info=\u00bb{}\u00bb][et_pb_text _builder_version=\u00bb4.27.4&#8243; _module_preset=\u00bbdefault\u00bb custom_margin=\u00bb||5px||false|false\u00bb custom_padding=\u00bb||||false|false\u00bb global_colors_info=\u00bb{}\u00bb]<\/p>\n<h2>\u00bfQui\u00e9n soy m\u00e1s all\u00e1 de la psicolog\u00eda?<\/h2>\n<h3>Me apasionan\u2026<\/h3>\n<ul>\n<li>Los juegos de mesa de todo tipo.<\/li>\n<li>Los juegos de rol, como jugadora y master.<\/li>\n<li>La m\u00fasica, especialmente cantar.<\/li>\n<li>Construir casas en Sims o Minecraft.<\/li>\n<li>Leer novelas de fantas\u00eda y costumbrismo.<\/li>\n<li>El maquillaje, especialmente el glamm coloreado.<\/li>\n<\/ul>\n<p>[\/et_pb_text][\/et_pb_column][et_pb_column type=\u00bb1_2&#8243; _builder_version=\u00bb4.27.4&#8243; _module_preset=\u00bbdefault\u00bb global_colors_info=\u00bb{}\u00bb][et_pb_text _builder_version=\u00bb4.27.4&#8243; _module_preset=\u00bbdefault\u00bb custom_margin=\u00bb||5px||false|false\u00bb custom_padding=\u00bb||||false|false\u00bb global_colors_info=\u00bb{}\u00bb]<\/p>\n<h2>Mi formaci\u00f3n<\/h2>\n<ul>\n<li>Grado de Psicolog\u00eda (Universidad Aut\u00f3noma de Barcelona)<\/li>\n<li>Posgrado en Psicoterapia Integradora (Institut Gom\u00e0)<\/li>\n<li>M\u00e1ster en Sexolog\u00eda Cl\u00ednica (IESP)<\/li>\n<li>Monogr\u00e1fico de pareja (Dendros)<\/li>\n<li>Monogr\u00e1fico en trastornos perinatales (UAB)<\/li>\n<li>M\u00e1ster Universitario en Psicolog\u00eda General Sanitaria (UdG)<\/li>\n<\/ul>\n<p>[\/et_pb_text][\/et_pb_column][\/et_pb_row][\/et_pb_section][et_pb_section fb_built=\u00bb1&#8243; _builder_version=\u00bb4.27.4&#8243; _module_preset=\u00bbdefault\u00bb global_colors_info=\u00bb{}\u00bb][et_pb_row column_structure=\u00bb1_2,1_2&#8243; _builder_version=\u00bb4.27.4&#8243; _module_preset=\u00bbdefault\u00bb global_colors_info=\u00bb{}\u00bb][et_pb_column type=\u00bb1_2&#8243; _builder_version=\u00bb4.27.4&#8243; _module_preset=\u00bbdefault\u00bb global_colors_info=\u00bb{}\u00bb][et_pb_cta title=\u00bbColaboraciones\u00bb _builder_version=\u00bb4.27.4&#8243; _module_preset=\u00bbdefault\u00bb global_colors_info=\u00bb{}\u00bb]A veces la profesi\u00f3n de terapeuta se hace muy solitaria y por eso me gusta poder trabajar en equipo con compa\u00f1eras maravillosas para llevar a cabo proyectos compartidos y trabajar en red.<\/p>\n<p><strong>\u00bfCon qui\u00e9n colaboro?<\/strong>[\/et_pb_cta][\/et_pb_column][et_pb_column type=\u00bb1_2&#8243; _builder_version=\u00bb4.27.4&#8243; _module_preset=\u00bbdefault\u00bb global_colors_info=\u00bb{}\u00bb][\/et_pb_column][\/et_pb_row][et_pb_row column_structure=\u00bb1_3,1_3,1_3&#8243; use_custom_gutter=\u00bbon\u00bb gutter_width=\u00bb2&#8243; module_id=\u00bbcolaboracions\u00bb _builder_version=\u00bb4.27.4&#8243; _module_preset=\u00bbdefault\u00bb global_colors_info=\u00bb{}\u00bb][et_pb_column type=\u00bb1_3&#8243; _builder_version=\u00bb4.27.4&#8243; _module_preset=\u00bbdefault\u00bb global_colors_info=\u00bb{}\u00bb][et_pb_cta title=\u00bbS\u00edlvia Catal\u00e0\u00bb button_url=\u00bbhttps:\/\/silviacatalan.com\/equipo\/\u00bb url_new_window=\u00bbon\u00bb button_text=\u00bbM\u00e1s informaci\u00f3n\u00bb module_class=\u00bbblau\u00bb _builder_version=\u00bb4.27.4&#8243; _module_preset=\u00bba6e304ae-ab31-4af1-9c5e-fbab0e85d923&#8243; body_text_align=\u00bbleft\u00bb button_alignment=\u00bbleft\u00bb text_orientation=\u00bbleft\u00bb global_colors_info=\u00bb{}\u00bb]<\/p>\n<p>\u00a1Seguro que le suena de haberla visto por la tele! Silvia es tambi\u00e9n una apasionada de la promoci\u00f3n de la salud y una gran sex\u00f3loga. Junto a otros psicoterapeutas, formo parte de su equipo, y entre todas formamos una comunidad de apoyo y aprendizaje.<\/p>\n<p>[\/et_pb_cta][\/et_pb_column][et_pb_column type=\u00bb1_3&#8243; _builder_version=\u00bb4.27.4&#8243; _module_preset=\u00bbdefault\u00bb global_colors_info=\u00bb{}\u00bb][et_pb_cta title=\u00bbASAUPAM\u00bb button_url=\u00bbhttps:\/\/asaupam.info\/d_rol\/\u00bb url_new_window=\u00bbon\u00bb button_text=\u00bbM\u00e1s informaci\u00f3n\u00bb module_class=\u00bbgroc\u00bb _builder_version=\u00bb4.27.4&#8243; _module_preset=\u00bba6e304ae-ab31-4af1-9c5e-fbab0e85d923&#8243; body_text_align=\u00bbleft\u00bb button_alignment=\u00bbleft\u00bb text_orientation=\u00bbleft\u00bb global_colors_info=\u00bb{}\u00bb]<\/p>\n<p>Con m\u00e1s de 25 a\u00f1os de experiencia en el \u00e1mbito de las drogodependencias, ASAUPAM es un referente en el \u00e1mbito de la prevenci\u00f3n en j\u00f3venes. Con ellas traigo el proyecto DRol, una herramienta ludificada -en forma de juego de rol- para abordar con adolescentes tem\u00e1ticas como el consumo responsable de alcohol, el esp\u00edritu cr\u00edtico ante el uso de pantallas e internet, la reducci\u00f3n de riesgos a la hora de salir de fiesta\u2026<\/p>\n<p>\u00bfQuieres programar un taller?, escr\u00edbeme a <a href=\"mailto:drolasaupam@gmail.cat\">drolasaupam@gmail.cat<\/a><\/p>\n<p>[\/et_pb_cta][\/et_pb_column][et_pb_column type=\u00bb1_3&#8243; _builder_version=\u00bb4.27.4&#8243; _module_preset=\u00bbdefault\u00bb global_colors_info=\u00bb{}\u00bb][et_pb_cta title=\u00bbSomos estupendas!\u00bb button_url=\u00bbhttps:\/\/somosestupendas.com\/cursos\/reconectar\/?ref=352&#8243; url_new_window=\u00bbon\u00bb button_text=\u00bbM\u00e1s informaci\u00f3n\u00bb _builder_version=\u00bb4.27.4&#8243; _module_preset=\u00bba6e304ae-ab31-4af1-9c5e-fbab0e85d923&#8243; text_orientation=\u00bbleft\u00bb global_colors_info=\u00bb{}\u00bb]Una web llena de cursos, art\u00edculos e informaci\u00f3n sobre salud mental, sexualidad positiva y relaciones de pareja.<\/p>\n<p>Con la sex\u00f3loga Elena Crespi hemos creado un curso \u201cLa magia de reconectar\u201d donde encontrar\u00e1 materiales y recursos pr\u00e1cticos que te ayudar\u00e1n a mejorar tu relaci\u00f3n de pareja a trav\u00e9s de temas claves como la comunicaci\u00f3n, la sexualidad o las expectativas.<\/p>\n<ul style=\"margin-top:5px;padding-bottom:0px!important\">\n<li>100% en l\u00ednia<\/li>\n<li>5 m\u00f3dulos, 27 talleres<\/li>\n<li>M\u00e1s de 80K alumnos<\/li>\n<li>57\u20ac y acceso ilimitado de por vida<\/li>\n<li>\u00bfTe interesa? C\u00f3mpralo ahora (link afiliado)<\/li>\n<\/ul>\n<p>[\/et_pb_cta][\/et_pb_column][\/et_pb_row][\/et_pb_section][et_pb_section fb_built=\u00bb1&#8243; _builder_version=\u00bb4.27.4&#8243; _module_preset=\u00bbdefault\u00bb background_color=\u00bb#FEE1F2&#8243; global_colors_info=\u00bb{}\u00bb][et_pb_row _builder_version=\u00bb4.27.4&#8243; _module_preset=\u00bbdefault\u00bb custom_margin=\u00bb||0px||false|false\u00bb custom_padding=\u00bb||0px||false|false\u00bb global_colors_info=\u00bb{}\u00bb][et_pb_column type=\u00bb4_4&#8243; _builder_version=\u00bb4.27.4&#8243; _module_preset=\u00bbdefault\u00bb global_colors_info=\u00bb{}\u00bb][et_pb_cta title=\u00bbPremsa\u00bb _builder_version=\u00bb4.27.4&#8243; _module_preset=\u00bbdefault\u00bb header_font=\u00bb|600|||||||\u00bb custom_margin=\u00bb||0px||false|false\u00bb global_colors_info=\u00bb{}\u00bb][\/et_pb_cta][\/et_pb_column][\/et_pb_row][et_pb_row column_structure=\u00bb1_4,1_4,1_4,1_4&#8243; _builder_version=\u00bb4.27.4&#8243; _module_preset=\u00bbdefault\u00bb global_colors_info=\u00bb{}\u00bb][et_pb_column type=\u00bb1_4&#8243; _builder_version=\u00bb4.27.4&#8243; _module_preset=\u00bbdefault\u00bb global_colors_info=\u00bb{}\u00bb][et_pb_blurb title=\u00bbLa brecha del placer\u00bb image=\u00bbhttps:\/\/www.adrianacid.com\/wp-content\/uploads\/2025\/06\/3cat-logo-3.svg\u00bb alt=\u00bbLogotipo de 3Cat\u00bb _builder_version=\u00bb4.27.4&#8243; _module_preset=\u00bbdefault\u00bb link_option_url=\u00bbhttps:\/\/www.3cat.cat\/324\/la-bretxa-del-plaer-prejudicis-i-fake-news-sobre-lorgasme-femeni\/noticia\/3244670\/\u00bb link_option_url_new_window=\u00bbon\u00bb global_colors_info=\u00bb{}\u00bb]<\/p>\n<p>Perjuicios y fake news sobre el orgasmo femenino en 3cat.<\/p>\n<p>[\/et_pb_blurb][\/et_pb_column][et_pb_column type=\u00bb1_4&#8243; _builder_version=\u00bb4.27.4&#8243; _module_preset=\u00bbdefault\u00bb global_colors_info=\u00bb{}\u00bb][et_pb_blurb title=\u00bbEl orgasmo femenino\u00bb image=\u00bbhttps:\/\/www.adrianacid.com\/wp-content\/uploads\/2025\/06\/periodico-logo-3.svg\u00bb alt=\u00bbLogo el Peri\u00f3dico de Catalu\u00f1a\u00bb _builder_version=\u00bb4.27.4&#8243; _module_preset=\u00bbdefault\u00bb link_option_url=\u00bbhttps:\/\/www.elperiodico.com\/es\/sociedad\/20230807\/orgasmo-femenino-mujeres-igualdad-sexualidad-sexo-cama-erika-lust-90739345&#8243; link_option_url_new_window=\u00bbon\u00bb global_colors_info=\u00bb{}\u00bb]<\/p>\n<p>La igualdad entre hombres y mujeres tampoco existe en la cama al Peri\u00f3dico.<\/p>\n<p>[\/et_pb_blurb][\/et_pb_column][et_pb_column type=\u00bb1_4&#8243; _builder_version=\u00bb4.27.4&#8243; _module_preset=\u00bbdefault\u00bb global_colors_info=\u00bb{}\u00bb][\/et_pb_column][et_pb_column type=\u00bb1_4&#8243; _builder_version=\u00bb4.27.4&#8243; _module_preset=\u00bbdefault\u00bb global_colors_info=\u00bb{}\u00bb][\/et_pb_column][\/et_pb_row][\/et_pb_section][et_pb_section fb_built=\u00bb1&#8243; fullwidth=\u00bbon\u00bb _builder_version=\u00bb4.27.4&#8243; _module_preset=\u00bbdefault\u00bb global_module=\u00bb414&#8243; saved_tabs=\u00bball\u00bb global_colors_info=\u00bb{}\u00bb][et_pb_fullwidth_code _builder_version=\u00bb4.27.4&#8243; _module_preset=\u00bbdefault\u00bb custom_padding=\u00bb0px||0px||false|false\u00bb global_colors_info=\u00bb{}\u00bb]<\/p>\n<style><!-- [et_pb_line_break_holder] -->  .lgtb div {<!-- [et_pb_line_break_holder] -->    border-width:2px!important;<!-- [et_pb_line_break_holder] -->    border-style:solid;<!-- [et_pb_line_break_holder] -->    opacity:0.7<!-- [et_pb_line_break_holder] -->  }<!-- [et_pb_line_break_holder] --><\/style>\n<p><!-- [et_pb_line_break_holder] --><\/p>\n<div class=\"lgtb\"><!-- [et_pb_line_break_holder] -->  <\/p>\n<div style=\"border-color:#F23C4F\"><\/div>\n<p><!-- [et_pb_line_break_holder] -->  <\/p>\n<div style=\"border-color:#FA8057;\"><\/div>\n<p><!-- [et_pb_line_break_holder] -->  <\/p>\n<div style=\"border-color:#FFC92F;\"><\/div>\n<p><!-- [et_pb_line_break_holder] -->  <\/p>\n<div style=\"border-color:#7AC943;\"><\/div>\n<p><!-- [et_pb_line_break_holder] -->  <\/p>\n<div style=\"border-color:#5457F3;\"><\/div>\n<p><!-- [et_pb_line_break_holder] -->  <\/p>\n<div style=\"border-color:#8B53EC;\"><\/div>\n<p><!-- [et_pb_line_break_holder] -->  <\/p>\n<div style=\"border-color:#FFFFFF;\"><\/div>\n<p><!-- [et_pb_line_break_holder] -->  <\/p>\n<div style=\"border-color:#FAB4D3;\"><\/div>\n<p><!-- [et_pb_line_break_holder] -->  <\/p>\n<div style=\"border-color:#8ED5E3;\"><\/div>\n<p><!-- [et_pb_line_break_holder] -->  <\/p>\n<div style=\"border-color:#7D543F;\"><\/div>\n<p><!-- [et_pb_line_break_holder] -->  <\/p>\n<div style=\"border-color:#423F3F; opacity:1;\"><\/div>\n<p><!-- [et_pb_line_break_holder] --><\/div>\n<p><!-- [et_pb_line_break_holder] -->[\/et_pb_fullwidth_code][\/et_pb_section]<\/p>\n","protected":false},"excerpt":{"rendered":"<p>El estudio de la salud mental y la sexolog\u00eda me ha apasionado desde que era joven. Soy Adriana, psicoterapeuta humanista especializada en sexolog\u00eda positiva y no monogamias. Pongo a la persona y sus emociones en el centro de la terapia, generando un espacio para explorar todos estos sentimientos y vivencias a menudo no escuchadas, y [&hellip;]<\/p>\n","protected":false},"author":2,"featured_media":0,"parent":0,"menu_order":0,"comment_status":"closed","ping_status":"closed","template":"","meta":{"_et_pb_use_builder":"on","_et_pb_old_content":"","_et_gb_content_width":"","footnotes":""},"class_list":["post-2358","page","type-page","status-publish","hentry"],"_links":{"self":[{"href":"https:\/\/www.adrianacid.com\/es\/wp-json\/wp\/v2\/pages\/2358","targetHints":{"allow":["GET"]}}],"collection":[{"href":"https:\/\/www.adrianacid.com\/es\/wp-json\/wp\/v2\/pages"}],"about":[{"href":"https:\/\/www.adrianacid.com\/es\/wp-json\/wp\/v2\/types\/page"}],"author":[{"embeddable":true,"href":"https:\/\/www.adrianacid.com\/es\/wp-json\/wp\/v2\/users\/2"}],"replies":[{"embeddable":true,"href":"https:\/\/www.adrianacid.com\/es\/wp-json\/wp\/v2\/comments?post=2358"}],"version-history":[{"count":2,"href":"https:\/\/www.adrianacid.com\/es\/wp-json\/wp\/v2\/pages\/2358\/revisions"}],"predecessor-version":[{"id":2360,"href":"https:\/\/www.adrianacid.com\/es\/wp-json\/wp\/v2\/pages\/2358\/revisions\/2360"}],"wp:attachment":[{"href":"https:\/\/www.adrianacid.com\/es\/wp-json\/wp\/v2\/media?parent=2358"}],"curies":[{"name":"wp","href":"https:\/\/api.w.org\/{rel}","templated":true}]}}